{"id":27,"date":"2024-09-29T15:56:20","date_gmt":"2024-09-29T15:56:20","guid":{"rendered":"https:\/\/bizmoldova.com\/de\/?page_id=27"},"modified":"2024-09-29T15:56:21","modified_gmt":"2024-09-29T15:56:21","slug":"diplome-und-zertifikate-nostrifizierung-legalisierung-und-apostille","status":"publish","type":"page","link":"https:\/\/bizmoldova.com\/de\/diplome-und-zertifikate-nostrifizierung-legalisierung-und-apostille\/","title":{"rendered":"Diplome und Zertifikate. Nostrifizierung, Legalisierung und Apostille"},"content":{"rendered":"<p>Die Nostrifizierung von Diplomen und Zeugnissen ist der Prozess der Anerkennung von Dokumenten aus dem Ausland \u00fcber die sekund\u00e4re, h\u00f6here und postgraduale Ausbildung. Das Verfahren beinhaltet die Anerkennung dieser Dokumente durch die zust\u00e4ndigen Beh\u00f6rden als rechtm\u00e4\u00dfig auf dem Gebiet des Staates, in dem das Dokument erworben wurde.<\/p>\n<p><img loading=\"lazy\" decoding=\"async\" class=\"size-full wp-image-365 \" style=\"border: 1px solid grey;\" src=\"http:\/\/bizmoldova.com\/wp-content\/uploads\/2013\/05\/Diplom-Moldova-diploma-de-licenta.jpg\" alt=\"Hochschulabschluss - Moldawische Staatsuniversit\u00e4t\" width=\"656\" height=\"431\" \/> Hochschulabschluss &#8211; Moldawien<\/caption>\n<p><img loading=\"lazy\" decoding=\"async\" class=\"size-full wp-image-366 \" style=\"border: 1px solid grey;\" src=\"http:\/\/bizmoldova.com\/wp-content\/uploads\/2013\/05\/Diplom-spravka.jpg\" alt=\"Best\u00e4tigung oder Nostrifizierung des Diploms f\u00fcr andere Staaten\" width=\"612\" height=\"842\" \/> Best\u00e4tigung oder Nostrifizierung des Diploms<\/caption>\n<p>Die Nostrifizierung in verschiedenen L\u00e4ndern verl\u00e4uft in \u00e4hnlichen Phasen:<\/p>\n<ol>\n<li>Best\u00e4tigung des Diploms oder Zeugnisses an der Bildungseinrichtung.<\/li>\n<li>Best\u00e4tigung im zust\u00e4ndigen Ministerium.<\/li>\n<\/ol>\n<p>In der Regel dauert das Verfahren etwa einen Monat.<\/p>\n<p>F\u00fcr die Hochschulen und spezialisierten Fachschulen in Transnistrien ist das Verfahren leider kompliziert. Um diese Diplome anzuerkennen, ist eine Pr\u00fcfung durch die entsprechende Hochschule in Moldawien erforderlich. Nach Feststellung der Unterschiede im Lehrplan werden Pr\u00fcfungen f\u00fcr F\u00e4cher angesetzt, die im Lehrplan der transnistrischen Hochschule nicht enthalten sind, aber im Lehrplan der moldawischen Hochschule enthalten sind. Erst danach wird das oben beschriebene Verfahren durchgef\u00fchrt.<\/p>\n<p>Ein Beispiel f\u00fcr die Unterschiede in den Pr\u00fcfungen sehen Sie unten. Die Fakult\u00e4t f\u00fcr Psychologie an der Universit\u00e4t Tiraspol&#8230; Es stellte sich heraus, dass es einfacher war, als die Kundin dachte und f\u00fcrchtete. Statt 5 Pr\u00fcfungen gab es Referate&#8230; Wie sich herausstellte, gibt es auch in den moldawischen Hochschulen verst\u00e4ndnisvolle Menschen&#8230;<\/p>\n<p><img loading=\"lazy\" decoding=\"async\" class=\"size-full wp-image-867\" src=\"http:\/\/bizmoldova.com\/wp-content\/uploads\/2018\/04\/Examen-Psihologie-Nostrificare.jpg\" alt=\"Nostrifizierung des transnistrischen Diploms. Ablegen von Pr\u00fcfungen\" width=\"578\" height=\"386\" \/> 5 Pr\u00fcfungen wurden durch Referate ersetzt&#8230;<\/caption>\n<p>Wenn Sie Ihr Diplom im Ausland vorlegen m\u00fcssen, m\u00fcssen Sie eine Apostille auf das Diplom setzen oder es im zust\u00e4ndigen Konsulat des Staates legalisieren, in den es vorgelegt werden muss.<\/p>\n","protected":false},"excerpt":{"rendered":"<p>Die Nostrifizierung von Diplomen und Zeugnissen ist der Prozess der Anerkennung von Dokumenten aus dem Ausland \u00fcber die sekund\u00e4re, h\u00f6here und postgraduale Ausbildung. Das Verfahren beinhaltet die Anerkennung dieser Dokumente durch die zust\u00e4ndigen Beh\u00f6rden als rechtm\u00e4\u00dfig auf dem Gebiet des Staates, in dem das Dokument erworben wurde. Hochschulabschluss &#8211; Moldawien Best\u00e4tigung oder Nostrifizierung des Diploms &#8230; <a title=\"Diplome und Zertifikate. Nostrifizierung, Legalisierung und Apostille\" class=\"read-more\" href=\"https:\/\/bizmoldova.com\/de\/diplome-und-zertifikate-nostrifizierung-legalisierung-und-apostille\/\" aria-label=\"Mehr Informationen \u00fcber Diplome und Zertifikate. Nostrifizierung, Legalisierung und Apostille\">Weiterlesen &#8230;<\/a><\/p>\n","protected":false},"author":1,"featured_media":0,"parent":0,"menu_order":0,"comment_status":"closed","ping_status":"closed","template":"","meta":{"_acf_changed":false,"footnotes":""},"class_list":["post-27","page","type-page","status-publish"],"acf":[],"yoast_head":"<!-- This site is optimized with the Yoast SEO plugin v27.4 - https:\/\/yoast.com\/product\/yoast-seo-wordpress\/ -->\n<title>Diplome und Zertifikate. Nostrifizierung, Legalisierung und Apostille - Dokumente Moldawien. Apostille, Legalisierung, Nostrifizierung, \u00dcbersetzungen<\/title>\n<meta name=\"robots\" content=\"index, follow, max-snippet:-1, max-image-preview:large, max-video-preview:-1\" \/>\n<link rel=\"canonical\" href=\"https:\/\/bizmoldova.com\/de\/diplome-und-zertifikate-nostrifizierung-legalisierung-und-apostille\/\" \/>\n<meta property=\"og:locale\" content=\"de_DE\" \/>\n<meta property=\"og:type\" content=\"article\" \/>\n<meta property=\"og:title\" content=\"Diplome und Zertifikate. Nostrifizierung, Legalisierung und Apostille - Dokumente Moldawien. Apostille, Legalisierung, Nostrifizierung, \u00dcbersetzungen\" \/>\n<meta property=\"og:description\" content=\"Die Nostrifizierung von Diplomen und Zeugnissen ist der Prozess der Anerkennung von Dokumenten aus dem Ausland \u00fcber die sekund\u00e4re, h\u00f6here und postgraduale Ausbildung. Das Verfahren beinhaltet die Anerkennung dieser Dokumente durch die zust\u00e4ndigen Beh\u00f6rden als rechtm\u00e4\u00dfig auf dem Gebiet des Staates, in dem das Dokument erworben wurde. Hochschulabschluss &#8211; Moldawien Best\u00e4tigung oder Nostrifizierung des Diploms ... Weiterlesen ...\" \/>\n<meta property=\"og:url\" content=\"https:\/\/bizmoldova.com\/de\/diplome-und-zertifikate-nostrifizierung-legalisierung-und-apostille\/\" \/>\n<meta property=\"og:site_name\" content=\"Dokumente Moldawien. Apostille, Legalisierung, Nostrifizierung, \u00dcbersetzungen\" \/>\n<meta property=\"article:modified_time\" content=\"2024-09-29T15:56:21+00:00\" \/>\n<meta property=\"og:image\" content=\"http:\/\/bizmoldova.com\/wp-content\/uploads\/2013\/05\/Diplom-Moldova-diploma-de-licenta.jpg\" \/>\n<meta name=\"twitter:card\" content=\"summary_large_image\" \/>\n<meta name=\"twitter:label1\" content=\"Gesch\u00e4tzte Lesezeit\" \/>\n\t<meta name=\"twitter:data1\" content=\"2\u00a0Minuten\" \/>\n<script type=\"application\/ld+json\" class=\"yoast-schema-graph\">{\"@context\":\"https:\\\/\\\/schema.org\",\"@graph\":[{\"@type\":\"WebPage\",\"@id\":\"https:\\\/\\\/bizmoldova.com\\\/de\\\/diplome-und-zertifikate-nostrifizierung-legalisierung-und-apostille\\\/\",\"url\":\"https:\\\/\\\/bizmoldova.com\\\/de\\\/diplome-und-zertifikate-nostrifizierung-legalisierung-und-apostille\\\/\",\"name\":\"Diplome und Zertifikate. Nostrifizierung, Legalisierung und Apostille - Dokumente Moldawien. Apostille, Legalisierung, Nostrifizierung, \u00dcbersetzungen\",\"isPartOf\":{\"@id\":\"https:\\\/\\\/bizmoldova.com\\\/de\\\/#website\"},\"primaryImageOfPage\":{\"@id\":\"https:\\\/\\\/bizmoldova.com\\\/de\\\/diplome-und-zertifikate-nostrifizierung-legalisierung-und-apostille\\\/#primaryimage\"},\"image\":{\"@id\":\"https:\\\/\\\/bizmoldova.com\\\/de\\\/diplome-und-zertifikate-nostrifizierung-legalisierung-und-apostille\\\/#primaryimage\"},\"thumbnailUrl\":\"http:\\\/\\\/bizmoldova.com\\\/wp-content\\\/uploads\\\/2013\\\/05\\\/Diplom-Moldova-diploma-de-licenta.jpg\",\"datePublished\":\"2024-09-29T15:56:20+00:00\",\"dateModified\":\"2024-09-29T15:56:21+00:00\",\"breadcrumb\":{\"@id\":\"https:\\\/\\\/bizmoldova.com\\\/de\\\/diplome-und-zertifikate-nostrifizierung-legalisierung-und-apostille\\\/#breadcrumb\"},\"inLanguage\":\"de\",\"potentialAction\":[{\"@type\":\"ReadAction\",\"target\":[\"https:\\\/\\\/bizmoldova.com\\\/de\\\/diplome-und-zertifikate-nostrifizierung-legalisierung-und-apostille\\\/\"]}]},{\"@type\":\"ImageObject\",\"inLanguage\":\"de\",\"@id\":\"https:\\\/\\\/bizmoldova.com\\\/de\\\/diplome-und-zertifikate-nostrifizierung-legalisierung-und-apostille\\\/#primaryimage\",\"url\":\"http:\\\/\\\/bizmoldova.com\\\/wp-content\\\/uploads\\\/2013\\\/05\\\/Diplom-Moldova-diploma-de-licenta.jpg\",\"contentUrl\":\"http:\\\/\\\/bizmoldova.com\\\/wp-content\\\/uploads\\\/2013\\\/05\\\/Diplom-Moldova-diploma-de-licenta.jpg\"},{\"@type\":\"BreadcrumbList\",\"@id\":\"https:\\\/\\\/bizmoldova.com\\\/de\\\/diplome-und-zertifikate-nostrifizierung-legalisierung-und-apostille\\\/#breadcrumb\",\"itemListElement\":[{\"@type\":\"ListItem\",\"position\":1,\"name\":\"Home\",\"item\":\"https:\\\/\\\/bizmoldova.com\\\/de\\\/\"},{\"@type\":\"ListItem\",\"position\":2,\"name\":\"Diplome und Zertifikate. Nostrifizierung, Legalisierung und Apostille\"}]},{\"@type\":\"WebSite\",\"@id\":\"https:\\\/\\\/bizmoldova.com\\\/de\\\/#website\",\"url\":\"https:\\\/\\\/bizmoldova.com\\\/de\\\/\",\"name\":\"Dokumente Moldawien. Apostille, Legalisierung, Nostrifizierung, \u00dcbersetzungen\",\"description\":\"Dokumente Moldawien. Apostille, Legalisierung, Nostrifizierung, \u00dcbersetzungen\",\"potentialAction\":[{\"@type\":\"SearchAction\",\"target\":{\"@type\":\"EntryPoint\",\"urlTemplate\":\"https:\\\/\\\/bizmoldova.com\\\/de\\\/?s={search_term_string}\"},\"query-input\":{\"@type\":\"PropertyValueSpecification\",\"valueRequired\":true,\"valueName\":\"search_term_string\"}}],\"inLanguage\":\"de\"}]}<\/script>\n<!-- \/ Yoast SEO plugin. -->","yoast_head_json":{"title":"Diplome und Zertifikate. Nostrifizierung, Legalisierung und Apostille - Dokumente Moldawien. Apostille, Legalisierung, Nostrifizierung, \u00dcbersetzungen","robots":{"index":"index","follow":"follow","max-snippet":"max-snippet:-1","max-image-preview":"max-image-preview:large","max-video-preview":"max-video-preview:-1"},"canonical":"https:\/\/bizmoldova.com\/de\/diplome-und-zertifikate-nostrifizierung-legalisierung-und-apostille\/","og_locale":"de_DE","og_type":"article","og_title":"Diplome und Zertifikate. Nostrifizierung, Legalisierung und Apostille - Dokumente Moldawien. Apostille, Legalisierung, Nostrifizierung, \u00dcbersetzungen","og_description":"Die Nostrifizierung von Diplomen und Zeugnissen ist der Prozess der Anerkennung von Dokumenten aus dem Ausland \u00fcber die sekund\u00e4re, h\u00f6here und postgraduale Ausbildung. Das Verfahren beinhaltet die Anerkennung dieser Dokumente durch die zust\u00e4ndigen Beh\u00f6rden als rechtm\u00e4\u00dfig auf dem Gebiet des Staates, in dem das Dokument erworben wurde. Hochschulabschluss &#8211; Moldawien Best\u00e4tigung oder Nostrifizierung des Diploms ... Weiterlesen ...","og_url":"https:\/\/bizmoldova.com\/de\/diplome-und-zertifikate-nostrifizierung-legalisierung-und-apostille\/","og_site_name":"Dokumente Moldawien. Apostille, Legalisierung, Nostrifizierung, \u00dcbersetzungen","article_modified_time":"2024-09-29T15:56:21+00:00","og_image":[{"url":"http:\/\/bizmoldova.com\/wp-content\/uploads\/2013\/05\/Diplom-Moldova-diploma-de-licenta.jpg","type":"","width":"","height":""}],"twitter_card":"summary_large_image","twitter_misc":{"Gesch\u00e4tzte Lesezeit":"2\u00a0Minuten"},"schema":{"@context":"https:\/\/schema.org","@graph":[{"@type":"WebPage","@id":"https:\/\/bizmoldova.com\/de\/diplome-und-zertifikate-nostrifizierung-legalisierung-und-apostille\/","url":"https:\/\/bizmoldova.com\/de\/diplome-und-zertifikate-nostrifizierung-legalisierung-und-apostille\/","name":"Diplome und Zertifikate. Nostrifizierung, Legalisierung und Apostille - Dokumente Moldawien. Apostille, Legalisierung, Nostrifizierung, \u00dcbersetzungen","isPartOf":{"@id":"https:\/\/bizmoldova.com\/de\/#website"},"primaryImageOfPage":{"@id":"https:\/\/bizmoldova.com\/de\/diplome-und-zertifikate-nostrifizierung-legalisierung-und-apostille\/#primaryimage"},"image":{"@id":"https:\/\/bizmoldova.com\/de\/diplome-und-zertifikate-nostrifizierung-legalisierung-und-apostille\/#primaryimage"},"thumbnailUrl":"http:\/\/bizmoldova.com\/wp-content\/uploads\/2013\/05\/Diplom-Moldova-diploma-de-licenta.jpg","datePublished":"2024-09-29T15:56:20+00:00","dateModified":"2024-09-29T15:56:21+00:00","breadcrumb":{"@id":"https:\/\/bizmoldova.com\/de\/diplome-und-zertifikate-nostrifizierung-legalisierung-und-apostille\/#breadcrumb"},"inLanguage":"de","potentialAction":[{"@type":"ReadAction","target":["https:\/\/bizmoldova.com\/de\/diplome-und-zertifikate-nostrifizierung-legalisierung-und-apostille\/"]}]},{"@type":"ImageObject","inLanguage":"de","@id":"https:\/\/bizmoldova.com\/de\/diplome-und-zertifikate-nostrifizierung-legalisierung-und-apostille\/#primaryimage","url":"http:\/\/bizmoldova.com\/wp-content\/uploads\/2013\/05\/Diplom-Moldova-diploma-de-licenta.jpg","contentUrl":"http:\/\/bizmoldova.com\/wp-content\/uploads\/2013\/05\/Diplom-Moldova-diploma-de-licenta.jpg"},{"@type":"BreadcrumbList","@id":"https:\/\/bizmoldova.com\/de\/diplome-und-zertifikate-nostrifizierung-legalisierung-und-apostille\/#breadcrumb","itemListElement":[{"@type":"ListItem","position":1,"name":"Home","item":"https:\/\/bizmoldova.com\/de\/"},{"@type":"ListItem","position":2,"name":"Diplome und Zertifikate. Nostrifizierung, Legalisierung und Apostille"}]},{"@type":"WebSite","@id":"https:\/\/bizmoldova.com\/de\/#website","url":"https:\/\/bizmoldova.com\/de\/","name":"Dokumente Moldawien. Apostille, Legalisierung, Nostrifizierung, \u00dcbersetzungen","description":"Dokumente Moldawien. Apostille, Legalisierung, Nostrifizierung, \u00dcbersetzungen","potentialAction":[{"@type":"SearchAction","target":{"@type":"EntryPoint","urlTemplate":"https:\/\/bizmoldova.com\/de\/?s={search_term_string}"},"query-input":{"@type":"PropertyValueSpecification","valueRequired":true,"valueName":"search_term_string"}}],"inLanguage":"de"}]}},"_links":{"self":[{"href":"https:\/\/bizmoldova.com\/de\/wp-json\/wp\/v2\/pages\/27","targetHints":{"allow":["GET"]}}],"collection":[{"href":"https:\/\/bizmoldova.com\/de\/wp-json\/wp\/v2\/pages"}],"about":[{"href":"https:\/\/bizmoldova.com\/de\/wp-json\/wp\/v2\/types\/page"}],"author":[{"embeddable":true,"href":"https:\/\/bizmoldova.com\/de\/wp-json\/wp\/v2\/users\/1"}],"replies":[{"embeddable":true,"href":"https:\/\/bizmoldova.com\/de\/wp-json\/wp\/v2\/comments?post=27"}],"version-history":[{"count":1,"href":"https:\/\/bizmoldova.com\/de\/wp-json\/wp\/v2\/pages\/27\/revisions"}],"predecessor-version":[{"id":28,"href":"https:\/\/bizmoldova.com\/de\/wp-json\/wp\/v2\/pages\/27\/revisions\/28"}],"wp:attachment":[{"href":"https:\/\/bizmoldova.com\/de\/wp-json\/wp\/v2\/media?parent=27"}],"curies":[{"name":"wp","href":"https:\/\/api.w.org\/{rel}","templated":true}]}}