{"id":17,"date":"2024-09-27T11:15:19","date_gmt":"2024-09-27T11:15:19","guid":{"rendered":"https:\/\/bizmoldova.com\/de\/?page_id=17"},"modified":"2024-09-27T11:19:03","modified_gmt":"2024-09-27T11:19:03","slug":"banken-in-moldawien-fuer-unternehmen","status":"publish","type":"page","link":"https:\/\/bizmoldova.com\/de\/banken-in-moldawien-fuer-unternehmen\/","title":{"rendered":"Banken in Moldawien f\u00fcr Unternehmen"},"content":{"rendered":"\n<p>Aktuell gibt es in Moldawien 14 Banken. Nach unserer Einsch\u00e4tzung ist die demokratischste, zuverl\u00e4ssigste und am besten geeignete Bank f\u00fcr die Fernabwicklung von Gesch\u00e4ften die OTP Bank (ehemals MOBIASBANCA Group Societe Generale S.A.). Positiv ist die Loyalit\u00e4t der Bankmitarbeiter und die M\u00f6glichkeit eines pers\u00f6nlichen Kontakts zur L\u00f6sung dringender Angelegenheiten. Es ist auch bequem, mit einer Vollmacht des Kontoinhabers (Eigent\u00fcmer oder Gesch\u00e4ftsf\u00fchrer des Unternehmens) zu arbeiten.<\/p>\n\n\n\n<p>Seit kurzem ist in den Banken eine Unterschrift zur Durchf\u00fchrung von Zahlungen erlaubt. Ein Buchhalter muss nicht angegeben werden, insbesondere wenn Sie von einer Buchhaltungsfirma betreut werden.<\/p>\n\n\n\n<p>Die Bearbeitungszeit f\u00fcr ein tempor\u00e4res Bankkonto zur Einzahlung des Stammkapitals betr\u00e4gt von einer halben bis zu einer Stunde. Die Er\u00f6ffnung von dauerhaften Konten erfolgt in \u00e4hnlichen Zeitr\u00e4umen. Allerdings werden Girokonten nicht sofort aktiviert, sondern erst nach Best\u00e4tigung durch das Finanzamt. Dies dauert normalerweise 2 bis 5 Tage.<\/p>\n","protected":false},"excerpt":{"rendered":"<p>Aktuell gibt es in Moldawien 14 Banken. Nach unserer Einsch\u00e4tzung ist die demokratischste, zuverl\u00e4ssigste und am besten geeignete Bank f\u00fcr die Fernabwicklung von Gesch\u00e4ften die OTP Bank (ehemals MOBIASBANCA Group Societe Generale S.A.). Positiv ist die Loyalit\u00e4t der Bankmitarbeiter und die M\u00f6glichkeit eines pers\u00f6nlichen Kontakts zur L\u00f6sung dringender Angelegenheiten. Es ist auch bequem, mit einer &#8230; <a title=\"Banken in Moldawien f\u00fcr Unternehmen\" class=\"read-more\" href=\"https:\/\/bizmoldova.com\/de\/banken-in-moldawien-fuer-unternehmen\/\" aria-label=\"Mehr Informationen \u00fcber Banken in Moldawien f\u00fcr Unternehmen\">Weiterlesen &#8230;<\/a><\/p>\n","protected":false},"author":1,"featured_media":0,"parent":0,"menu_order":0,"comment_status":"closed","ping_status":"closed","template":"","meta":{"_acf_changed":false,"footnotes":""},"class_list":["post-17","page","type-page","status-publish"],"acf":[],"yoast_head":"<!-- This site is optimized with the Yoast SEO plugin v27.3 - https:\/\/yoast.com\/product\/yoast-seo-wordpress\/ -->\n<title>Banken in Moldawien f\u00fcr Unternehmen - Dokumente Moldawien. Apostille, Legalisierung, Nostrifizierung, \u00dcbersetzungen<\/title>\n<meta name=\"robots\" content=\"index, follow, max-snippet:-1, max-image-preview:large, max-video-preview:-1\" \/>\n<link rel=\"canonical\" href=\"https:\/\/bizmoldova.com\/de\/banken-in-moldawien-fuer-unternehmen\/\" \/>\n<meta property=\"og:locale\" content=\"de_DE\" \/>\n<meta property=\"og:type\" content=\"article\" \/>\n<meta property=\"og:title\" content=\"Banken in Moldawien f\u00fcr Unternehmen - Dokumente Moldawien. Apostille, Legalisierung, Nostrifizierung, \u00dcbersetzungen\" \/>\n<meta property=\"og:description\" content=\"Aktuell gibt es in Moldawien 14 Banken. Nach unserer Einsch\u00e4tzung ist die demokratischste, zuverl\u00e4ssigste und am besten geeignete Bank f\u00fcr die Fernabwicklung von Gesch\u00e4ften die OTP Bank (ehemals MOBIASBANCA Group Societe Generale S.A.). Positiv ist die Loyalit\u00e4t der Bankmitarbeiter und die M\u00f6glichkeit eines pers\u00f6nlichen Kontakts zur L\u00f6sung dringender Angelegenheiten. Es ist auch bequem, mit einer ... Weiterlesen ...\" \/>\n<meta property=\"og:url\" content=\"https:\/\/bizmoldova.com\/de\/banken-in-moldawien-fuer-unternehmen\/\" \/>\n<meta property=\"og:site_name\" content=\"Dokumente Moldawien. Apostille, Legalisierung, Nostrifizierung, \u00dcbersetzungen\" \/>\n<meta property=\"article:modified_time\" content=\"2024-09-27T11:19:03+00:00\" \/>\n<meta name=\"twitter:card\" content=\"summary_large_image\" \/>\n<meta name=\"twitter:label1\" content=\"Gesch\u00e4tzte Lesezeit\" \/>\n\t<meta name=\"twitter:data1\" content=\"1\u00a0Minute\" \/>\n<script type=\"application\/ld+json\" class=\"yoast-schema-graph\">{\"@context\":\"https:\\\/\\\/schema.org\",\"@graph\":[{\"@type\":\"WebPage\",\"@id\":\"https:\\\/\\\/bizmoldova.com\\\/de\\\/banken-in-moldawien-fuer-unternehmen\\\/\",\"url\":\"https:\\\/\\\/bizmoldova.com\\\/de\\\/banken-in-moldawien-fuer-unternehmen\\\/\",\"name\":\"Banken in Moldawien f\u00fcr Unternehmen - Dokumente Moldawien. Apostille, Legalisierung, Nostrifizierung, \u00dcbersetzungen\",\"isPartOf\":{\"@id\":\"https:\\\/\\\/bizmoldova.com\\\/de\\\/#website\"},\"datePublished\":\"2024-09-27T11:15:19+00:00\",\"dateModified\":\"2024-09-27T11:19:03+00:00\",\"breadcrumb\":{\"@id\":\"https:\\\/\\\/bizmoldova.com\\\/de\\\/banken-in-moldawien-fuer-unternehmen\\\/#breadcrumb\"},\"inLanguage\":\"de\",\"potentialAction\":[{\"@type\":\"ReadAction\",\"target\":[\"https:\\\/\\\/bizmoldova.com\\\/de\\\/banken-in-moldawien-fuer-unternehmen\\\/\"]}]},{\"@type\":\"BreadcrumbList\",\"@id\":\"https:\\\/\\\/bizmoldova.com\\\/de\\\/banken-in-moldawien-fuer-unternehmen\\\/#breadcrumb\",\"itemListElement\":[{\"@type\":\"ListItem\",\"position\":1,\"name\":\"Home\",\"item\":\"https:\\\/\\\/bizmoldova.com\\\/de\\\/\"},{\"@type\":\"ListItem\",\"position\":2,\"name\":\"Banken in Moldawien f\u00fcr Unternehmen\"}]},{\"@type\":\"WebSite\",\"@id\":\"https:\\\/\\\/bizmoldova.com\\\/de\\\/#website\",\"url\":\"https:\\\/\\\/bizmoldova.com\\\/de\\\/\",\"name\":\"Dokumente Moldawien. Apostille, Legalisierung, Nostrifizierung, \u00dcbersetzungen\",\"description\":\"Dokumente Moldawien. Apostille, Legalisierung, Nostrifizierung, \u00dcbersetzungen\",\"potentialAction\":[{\"@type\":\"SearchAction\",\"target\":{\"@type\":\"EntryPoint\",\"urlTemplate\":\"https:\\\/\\\/bizmoldova.com\\\/de\\\/?s={search_term_string}\"},\"query-input\":{\"@type\":\"PropertyValueSpecification\",\"valueRequired\":true,\"valueName\":\"search_term_string\"}}],\"inLanguage\":\"de\"}]}<\/script>\n<!-- \/ Yoast SEO plugin. -->","yoast_head_json":{"title":"Banken in Moldawien f\u00fcr Unternehmen - Dokumente Moldawien. Apostille, Legalisierung, Nostrifizierung, \u00dcbersetzungen","robots":{"index":"index","follow":"follow","max-snippet":"max-snippet:-1","max-image-preview":"max-image-preview:large","max-video-preview":"max-video-preview:-1"},"canonical":"https:\/\/bizmoldova.com\/de\/banken-in-moldawien-fuer-unternehmen\/","og_locale":"de_DE","og_type":"article","og_title":"Banken in Moldawien f\u00fcr Unternehmen - Dokumente Moldawien. Apostille, Legalisierung, Nostrifizierung, \u00dcbersetzungen","og_description":"Aktuell gibt es in Moldawien 14 Banken. Nach unserer Einsch\u00e4tzung ist die demokratischste, zuverl\u00e4ssigste und am besten geeignete Bank f\u00fcr die Fernabwicklung von Gesch\u00e4ften die OTP Bank (ehemals MOBIASBANCA Group Societe Generale S.A.). Positiv ist die Loyalit\u00e4t der Bankmitarbeiter und die M\u00f6glichkeit eines pers\u00f6nlichen Kontakts zur L\u00f6sung dringender Angelegenheiten. Es ist auch bequem, mit einer ... Weiterlesen ...","og_url":"https:\/\/bizmoldova.com\/de\/banken-in-moldawien-fuer-unternehmen\/","og_site_name":"Dokumente Moldawien. Apostille, Legalisierung, Nostrifizierung, \u00dcbersetzungen","article_modified_time":"2024-09-27T11:19:03+00:00","twitter_card":"summary_large_image","twitter_misc":{"Gesch\u00e4tzte Lesezeit":"1\u00a0Minute"},"schema":{"@context":"https:\/\/schema.org","@graph":[{"@type":"WebPage","@id":"https:\/\/bizmoldova.com\/de\/banken-in-moldawien-fuer-unternehmen\/","url":"https:\/\/bizmoldova.com\/de\/banken-in-moldawien-fuer-unternehmen\/","name":"Banken in Moldawien f\u00fcr Unternehmen - Dokumente Moldawien. Apostille, Legalisierung, Nostrifizierung, \u00dcbersetzungen","isPartOf":{"@id":"https:\/\/bizmoldova.com\/de\/#website"},"datePublished":"2024-09-27T11:15:19+00:00","dateModified":"2024-09-27T11:19:03+00:00","breadcrumb":{"@id":"https:\/\/bizmoldova.com\/de\/banken-in-moldawien-fuer-unternehmen\/#breadcrumb"},"inLanguage":"de","potentialAction":[{"@type":"ReadAction","target":["https:\/\/bizmoldova.com\/de\/banken-in-moldawien-fuer-unternehmen\/"]}]},{"@type":"BreadcrumbList","@id":"https:\/\/bizmoldova.com\/de\/banken-in-moldawien-fuer-unternehmen\/#breadcrumb","itemListElement":[{"@type":"ListItem","position":1,"name":"Home","item":"https:\/\/bizmoldova.com\/de\/"},{"@type":"ListItem","position":2,"name":"Banken in Moldawien f\u00fcr Unternehmen"}]},{"@type":"WebSite","@id":"https:\/\/bizmoldova.com\/de\/#website","url":"https:\/\/bizmoldova.com\/de\/","name":"Dokumente Moldawien. Apostille, Legalisierung, Nostrifizierung, \u00dcbersetzungen","description":"Dokumente Moldawien. Apostille, Legalisierung, Nostrifizierung, \u00dcbersetzungen","potentialAction":[{"@type":"SearchAction","target":{"@type":"EntryPoint","urlTemplate":"https:\/\/bizmoldova.com\/de\/?s={search_term_string}"},"query-input":{"@type":"PropertyValueSpecification","valueRequired":true,"valueName":"search_term_string"}}],"inLanguage":"de"}]}},"_links":{"self":[{"href":"https:\/\/bizmoldova.com\/de\/wp-json\/wp\/v2\/pages\/17","targetHints":{"allow":["GET"]}}],"collection":[{"href":"https:\/\/bizmoldova.com\/de\/wp-json\/wp\/v2\/pages"}],"about":[{"href":"https:\/\/bizmoldova.com\/de\/wp-json\/wp\/v2\/types\/page"}],"author":[{"embeddable":true,"href":"https:\/\/bizmoldova.com\/de\/wp-json\/wp\/v2\/users\/1"}],"replies":[{"embeddable":true,"href":"https:\/\/bizmoldova.com\/de\/wp-json\/wp\/v2\/comments?post=17"}],"version-history":[{"count":2,"href":"https:\/\/bizmoldova.com\/de\/wp-json\/wp\/v2\/pages\/17\/revisions"}],"predecessor-version":[{"id":19,"href":"https:\/\/bizmoldova.com\/de\/wp-json\/wp\/v2\/pages\/17\/revisions\/19"}],"wp:attachment":[{"href":"https:\/\/bizmoldova.com\/de\/wp-json\/wp\/v2\/media?parent=17"}],"curies":[{"name":"wp","href":"https:\/\/api.w.org\/{rel}","templated":true}]}}