{"id":13,"date":"2024-09-27T11:02:49","date_gmt":"2024-09-27T11:02:49","guid":{"rendered":"https:\/\/bizmoldova.com\/de\/?page_id=13"},"modified":"2024-09-27T11:05:22","modified_gmt":"2024-09-27T11:05:22","slug":"apostille-ukraine","status":"publish","type":"page","link":"https:\/\/bizmoldova.com\/de\/apostille-ukraine\/","title":{"rendered":"Apostille Ukraine"},"content":{"rendered":"\n<p>Unsere Agentur bietet Apostille-Dienstleistungen f\u00fcr Dokumente aus der Ukraine an. Qualitativ und termingerecht.<\/p>\n\n\n\n<h3 class=\"wp-block-heading\"><strong>Was ist ein ukrainischer Apostille?<\/strong><\/h3>\n\n\n\n<p>Der Apostille in der Ukraine, wie auch in anderen Mitgliedsl\u00e4ndern der Haager Apostille-Konvention, ist eine offizielle Best\u00e4tigung der Echtheit von Unterschriften von Beamten auf Dokumenten, die von offiziellen Stellen der Ukraine ausgestellt wurden. Der ukrainische Apostille ist ein Stempel mit der Aufschrift &#8222;Apostille&#8220;, der die Echtheit der Unterschrift, die Rechtm\u00e4\u00dfigkeit und die Rechtskraft des Dokuments best\u00e4tigt.<\/p>\n\n\n\n<h3 class=\"wp-block-heading\"><strong>Wann wurde der Apostille in der Ukraine obligatorisch?<\/strong><\/h3>\n\n\n\n<p>Der Apostille wurde in der Ukraine ab dem 22. Dezember 2003 obligatorisch, daher unterliegen Dokumente, die vor diesem Datum ausgestellt wurden, nicht der Apostillierung.<\/p>\n\n\n\n<h3 class=\"wp-block-heading\"><strong>Wie kann man eine Apostille f\u00fcr in der Ukraine ausgestellte Dokumente bestellen, ohne in die Ukraine zu reisen?<\/strong><\/h3>\n\n\n\n<p>Um eine Apostille online zu bestellen, k\u00f6nnen Sie sich an unsere Anwaltsagentur mit 18 Jahren Erfahrung wenden. Sie m\u00fcssen das Originaldokument vorlegen und unsere Dienstleistungen bezahlen.<\/p>\n\n\n\n<h3 class=\"wp-block-heading\"><strong>Was tun, wenn Sie das Dokument verloren haben oder die Originale nicht senden m\u00f6chten?<\/strong><\/h3>\n\n\n\n<p>Wenn Sie das Dokument verloren haben oder die Originale nicht senden m\u00f6chten, k\u00f6nnen Sie ein Duplikat des Dokuments neuen Musters bestellen. Dazu m\u00fcssen Sie eine notarielle oder konsularische Vollmacht f\u00fcr unseren Mitarbeiter ausstellen und uns diese \u00fcbergeben oder per Post oder Kurierdienst zusenden.<\/p>\n","protected":false},"excerpt":{"rendered":"<p>Unsere Agentur bietet Apostille-Dienstleistungen f\u00fcr Dokumente aus der Ukraine an. Qualitativ und termingerecht. Was ist ein ukrainischer Apostille? Der Apostille in der Ukraine, wie auch in anderen Mitgliedsl\u00e4ndern der Haager Apostille-Konvention, ist eine offizielle Best\u00e4tigung der Echtheit von Unterschriften von Beamten auf Dokumenten, die von offiziellen Stellen der Ukraine ausgestellt wurden. Der ukrainische Apostille ist &#8230; <a title=\"Apostille Ukraine\" class=\"read-more\" href=\"https:\/\/bizmoldova.com\/de\/apostille-ukraine\/\" aria-label=\"Mehr Informationen \u00fcber Apostille Ukraine\">Weiterlesen &#8230;<\/a><\/p>\n","protected":false},"author":1,"featured_media":0,"parent":0,"menu_order":0,"comment_status":"closed","ping_status":"closed","template":"","meta":{"_acf_changed":false,"footnotes":""},"class_list":["post-13","page","type-page","status-publish"],"acf":[],"yoast_head":"<!-- This site is optimized with the Yoast SEO plugin v27.3 - https:\/\/yoast.com\/product\/yoast-seo-wordpress\/ -->\n<title>Apostille Ukraine - Dokumente Moldawien. Apostille, Legalisierung, Nostrifizierung, \u00dcbersetzungen<\/title>\n<meta name=\"robots\" content=\"index, follow, max-snippet:-1, max-image-preview:large, max-video-preview:-1\" \/>\n<link rel=\"canonical\" href=\"https:\/\/bizmoldova.com\/de\/apostille-ukraine\/\" \/>\n<meta property=\"og:locale\" content=\"de_DE\" \/>\n<meta property=\"og:type\" content=\"article\" \/>\n<meta property=\"og:title\" content=\"Apostille Ukraine - Dokumente Moldawien. Apostille, Legalisierung, Nostrifizierung, \u00dcbersetzungen\" \/>\n<meta property=\"og:description\" content=\"Unsere Agentur bietet Apostille-Dienstleistungen f\u00fcr Dokumente aus der Ukraine an. Qualitativ und termingerecht. Was ist ein ukrainischer Apostille? Der Apostille in der Ukraine, wie auch in anderen Mitgliedsl\u00e4ndern der Haager Apostille-Konvention, ist eine offizielle Best\u00e4tigung der Echtheit von Unterschriften von Beamten auf Dokumenten, die von offiziellen Stellen der Ukraine ausgestellt wurden. Der ukrainische Apostille ist ... Weiterlesen ...\" \/>\n<meta property=\"og:url\" content=\"https:\/\/bizmoldova.com\/de\/apostille-ukraine\/\" \/>\n<meta property=\"og:site_name\" content=\"Dokumente Moldawien. Apostille, Legalisierung, Nostrifizierung, \u00dcbersetzungen\" \/>\n<meta property=\"article:modified_time\" content=\"2024-09-27T11:05:22+00:00\" \/>\n<meta name=\"twitter:card\" content=\"summary_large_image\" \/>\n<meta name=\"twitter:label1\" content=\"Gesch\u00e4tzte Lesezeit\" \/>\n\t<meta name=\"twitter:data1\" content=\"2\u00a0Minuten\" \/>\n<script type=\"application\/ld+json\" class=\"yoast-schema-graph\">{\"@context\":\"https:\\\/\\\/schema.org\",\"@graph\":[{\"@type\":\"WebPage\",\"@id\":\"https:\\\/\\\/bizmoldova.com\\\/de\\\/apostille-ukraine\\\/\",\"url\":\"https:\\\/\\\/bizmoldova.com\\\/de\\\/apostille-ukraine\\\/\",\"name\":\"Apostille Ukraine - Dokumente Moldawien. Apostille, Legalisierung, Nostrifizierung, \u00dcbersetzungen\",\"isPartOf\":{\"@id\":\"https:\\\/\\\/bizmoldova.com\\\/de\\\/#website\"},\"datePublished\":\"2024-09-27T11:02:49+00:00\",\"dateModified\":\"2024-09-27T11:05:22+00:00\",\"breadcrumb\":{\"@id\":\"https:\\\/\\\/bizmoldova.com\\\/de\\\/apostille-ukraine\\\/#breadcrumb\"},\"inLanguage\":\"de\",\"potentialAction\":[{\"@type\":\"ReadAction\",\"target\":[\"https:\\\/\\\/bizmoldova.com\\\/de\\\/apostille-ukraine\\\/\"]}]},{\"@type\":\"BreadcrumbList\",\"@id\":\"https:\\\/\\\/bizmoldova.com\\\/de\\\/apostille-ukraine\\\/#breadcrumb\",\"itemListElement\":[{\"@type\":\"ListItem\",\"position\":1,\"name\":\"Home\",\"item\":\"https:\\\/\\\/bizmoldova.com\\\/de\\\/\"},{\"@type\":\"ListItem\",\"position\":2,\"name\":\"Apostille Ukraine\"}]},{\"@type\":\"WebSite\",\"@id\":\"https:\\\/\\\/bizmoldova.com\\\/de\\\/#website\",\"url\":\"https:\\\/\\\/bizmoldova.com\\\/de\\\/\",\"name\":\"Dokumente Moldawien. Apostille, Legalisierung, Nostrifizierung, \u00dcbersetzungen\",\"description\":\"Dokumente Moldawien. Apostille, Legalisierung, Nostrifizierung, \u00dcbersetzungen\",\"potentialAction\":[{\"@type\":\"SearchAction\",\"target\":{\"@type\":\"EntryPoint\",\"urlTemplate\":\"https:\\\/\\\/bizmoldova.com\\\/de\\\/?s={search_term_string}\"},\"query-input\":{\"@type\":\"PropertyValueSpecification\",\"valueRequired\":true,\"valueName\":\"search_term_string\"}}],\"inLanguage\":\"de\"}]}<\/script>\n<!-- \/ Yoast SEO plugin. -->","yoast_head_json":{"title":"Apostille Ukraine - Dokumente Moldawien. Apostille, Legalisierung, Nostrifizierung, \u00dcbersetzungen","robots":{"index":"index","follow":"follow","max-snippet":"max-snippet:-1","max-image-preview":"max-image-preview:large","max-video-preview":"max-video-preview:-1"},"canonical":"https:\/\/bizmoldova.com\/de\/apostille-ukraine\/","og_locale":"de_DE","og_type":"article","og_title":"Apostille Ukraine - Dokumente Moldawien. Apostille, Legalisierung, Nostrifizierung, \u00dcbersetzungen","og_description":"Unsere Agentur bietet Apostille-Dienstleistungen f\u00fcr Dokumente aus der Ukraine an. Qualitativ und termingerecht. Was ist ein ukrainischer Apostille? Der Apostille in der Ukraine, wie auch in anderen Mitgliedsl\u00e4ndern der Haager Apostille-Konvention, ist eine offizielle Best\u00e4tigung der Echtheit von Unterschriften von Beamten auf Dokumenten, die von offiziellen Stellen der Ukraine ausgestellt wurden. Der ukrainische Apostille ist ... Weiterlesen ...","og_url":"https:\/\/bizmoldova.com\/de\/apostille-ukraine\/","og_site_name":"Dokumente Moldawien. Apostille, Legalisierung, Nostrifizierung, \u00dcbersetzungen","article_modified_time":"2024-09-27T11:05:22+00:00","twitter_card":"summary_large_image","twitter_misc":{"Gesch\u00e4tzte Lesezeit":"2\u00a0Minuten"},"schema":{"@context":"https:\/\/schema.org","@graph":[{"@type":"WebPage","@id":"https:\/\/bizmoldova.com\/de\/apostille-ukraine\/","url":"https:\/\/bizmoldova.com\/de\/apostille-ukraine\/","name":"Apostille Ukraine - Dokumente Moldawien. Apostille, Legalisierung, Nostrifizierung, \u00dcbersetzungen","isPartOf":{"@id":"https:\/\/bizmoldova.com\/de\/#website"},"datePublished":"2024-09-27T11:02:49+00:00","dateModified":"2024-09-27T11:05:22+00:00","breadcrumb":{"@id":"https:\/\/bizmoldova.com\/de\/apostille-ukraine\/#breadcrumb"},"inLanguage":"de","potentialAction":[{"@type":"ReadAction","target":["https:\/\/bizmoldova.com\/de\/apostille-ukraine\/"]}]},{"@type":"BreadcrumbList","@id":"https:\/\/bizmoldova.com\/de\/apostille-ukraine\/#breadcrumb","itemListElement":[{"@type":"ListItem","position":1,"name":"Home","item":"https:\/\/bizmoldova.com\/de\/"},{"@type":"ListItem","position":2,"name":"Apostille Ukraine"}]},{"@type":"WebSite","@id":"https:\/\/bizmoldova.com\/de\/#website","url":"https:\/\/bizmoldova.com\/de\/","name":"Dokumente Moldawien. Apostille, Legalisierung, Nostrifizierung, \u00dcbersetzungen","description":"Dokumente Moldawien. Apostille, Legalisierung, Nostrifizierung, \u00dcbersetzungen","potentialAction":[{"@type":"SearchAction","target":{"@type":"EntryPoint","urlTemplate":"https:\/\/bizmoldova.com\/de\/?s={search_term_string}"},"query-input":{"@type":"PropertyValueSpecification","valueRequired":true,"valueName":"search_term_string"}}],"inLanguage":"de"}]}},"_links":{"self":[{"href":"https:\/\/bizmoldova.com\/de\/wp-json\/wp\/v2\/pages\/13","targetHints":{"allow":["GET"]}}],"collection":[{"href":"https:\/\/bizmoldova.com\/de\/wp-json\/wp\/v2\/pages"}],"about":[{"href":"https:\/\/bizmoldova.com\/de\/wp-json\/wp\/v2\/types\/page"}],"author":[{"embeddable":true,"href":"https:\/\/bizmoldova.com\/de\/wp-json\/wp\/v2\/users\/1"}],"replies":[{"embeddable":true,"href":"https:\/\/bizmoldova.com\/de\/wp-json\/wp\/v2\/comments?post=13"}],"version-history":[{"count":2,"href":"https:\/\/bizmoldova.com\/de\/wp-json\/wp\/v2\/pages\/13\/revisions"}],"predecessor-version":[{"id":16,"href":"https:\/\/bizmoldova.com\/de\/wp-json\/wp\/v2\/pages\/13\/revisions\/16"}],"wp:attachment":[{"href":"https:\/\/bizmoldova.com\/de\/wp-json\/wp\/v2\/media?parent=13"}],"curies":[{"name":"wp","href":"https:\/\/api.w.org\/{rel}","templated":true}]}}